{"id":20788,"date":"2025-11-22T10:17:31","date_gmt":"2025-11-22T10:17:31","guid":{"rendered":"https:\/\/toilettes-seches.i-cag.net\/boutique\/sacs-compostables-toilettes-seches\/"},"modified":"2026-05-07T20:16:13","modified_gmt":"2026-05-07T20:16:13","slug":"compostable-bags-for-dry-toilets","status":"publish","type":"product","link":"https:\/\/toilettes-seches.i-cag.net\/en\/boutique\/compostable-bags-for-dry-toilets\/","title":{"rendered":"Compostable Bags for Dry Toilets"},"content":{"rendered":"<h2><span style=\"vertical-align: inherit;\"><span style=\"vertical-align: inherit;\">Use of compostable bags for dry toilets<\/span><\/span><\/h2>\n<p>We have chosen to provide and sell compostable bags with our dry toilets. This makes emptying and cleaning the litter easier.<\/p>\n<p>Cleaning your dry toilets should be done approximately once a week (for a family of 4, for example).<\/p>\n<p>Thanks to the use of compostable bags, this operation is facilitated and helps to limit the dreaded sights we all fear when emptying eco-friendly toilets.<\/p>\n<h3>A roll of 50-liter bags contains 10 bags.<\/h3>\n<h3>A roll of 30-liter bags contains 10 bags.<\/h3>\n<p>These bags bear the &#8220;OK COMPOST&#8221; label. They are biodegradable in industrial composting within 10 to 45 days at high temperatures.<\/p>\n<p>For individual composting, they decompose without any issues and without pollution, but it will take between 10 and 12 months. Since the composting of dry toilet waste takes place over 2 years, these bags are perfect for the litter in your dry toilets.<\/p>\n<p>There are two types of labels you can use for your compost: the &#8220;OK COMPOST&#8221; label and the &#8220;HOME OK COMPOST&#8221; label. We would have preferred to offer you bags with the &#8220;HOME OK COMPOST&#8221; label. They decompose more quickly in your compost. However, they are only available in small sizes.<\/p>\n","protected":false},"excerpt":{"rendered":"<p>Capacity:<\/p>\n<p>50 liters Compostable bags 50 liters (for 32 L buckets) suitable for all our dry toilets except Junior and Hyper-mobile models<\/p>\n<p>30 liters Compostable bags 30 liters (for 12.5 L buckets) suitable for Junior and Hyper-mobile models<\/p>\n","protected":false},"featured_media":20428,"comment_status":"open","ping_status":"closed","template":"","meta":{"_et_pb_use_builder":"","_et_pb_old_content":"","_et_gb_content_width":""},"product_brand":[],"product_cat":[56],"product_tag":[],"class_list":{"0":"post-20788","1":"product","2":"type-product","3":"status-publish","4":"has-post-thumbnail","6":"product_cat-accessories-for-dry-toilets","7":"product_shipping_class-accessory","9":"first","10":"instock","11":"taxable","12":"shipping-taxable","13":"purchasable","14":"product-type-variable","15":"has-default-attributes"},"yoast_head":"<!-- This site is optimized with the Yoast SEO plugin v27.4 - https:\/\/yoast.com\/product\/yoast-seo-wordpress\/ -->\n<title>Sacs compostables toilettes s\u00e8ches, en bio-mati\u00e8re.<\/title>\n<meta name=\"description\" content=\"Les sacs compostables toilettes s\u00e8ches que nous utilisons, sont fourni avec nos toilettes s\u00e8ches, pour facilit\u00e9 la vidange et le nettoyage de la liti\u00e8re.\" \/>\n<meta name=\"robots\" content=\"index, follow, max-snippet:-1, max-image-preview:large, max-video-preview:-1\" \/>\n<link rel=\"canonical\" href=\"https:\/\/toilettes-seches.i-cag.net\/en\/boutique\/compostable-bags-for-dry-toilets\/\" \/>\n<meta property=\"og:locale\" content=\"en_US\" \/>\n<meta property=\"og:type\" content=\"article\" \/>\n<meta property=\"og:title\" content=\"Sacs compostables toilettes s\u00e8ches, en bio-mati\u00e8re.\" \/>\n<meta property=\"og:description\" content=\"Les sacs compostables toilettes s\u00e8ches que nous utilisons, sont fourni avec nos toilettes s\u00e8ches, pour facilit\u00e9 la vidange et le nettoyage de la liti\u00e8re.\" \/>\n<meta property=\"og:url\" content=\"https:\/\/toilettes-seches.i-cag.net\/en\/boutique\/compostable-bags-for-dry-toilets\/\" \/>\n<meta property=\"og:site_name\" content=\"iCAG Company Dry toilets\" \/>\n<meta property=\"article:modified_time\" content=\"2026-05-07T20:16:13+00:00\" \/>\n<meta property=\"og:image\" content=\"https:\/\/toilettes-seches.i-cag.net\/wp-content\/uploads\/2017\/12\/Visuels-carre\u0301-ICAG-toilettes-se\u0300ches-6.jpg\" \/>\n\t<meta property=\"og:image:width\" content=\"650\" \/>\n\t<meta property=\"og:image:height\" content=\"650\" \/>\n\t<meta property=\"og:image:type\" content=\"image\/jpeg\" \/>\n<meta name=\"twitter:card\" content=\"summary_large_image\" \/>\n<meta name=\"twitter:label1\" content=\"Est. reading time\" \/>\n\t<meta name=\"twitter:data1\" content=\"2 minutes\" \/>\n<script type=\"application\/ld+json\" class=\"yoast-schema-graph\">{\"@context\":\"https:\\\/\\\/schema.org\",\"@graph\":[{\"@type\":\"WebPage\",\"@id\":\"https:\\\/\\\/toilettes-seches.i-cag.net\\\/en\\\/boutique\\\/compostable-bags-for-dry-toilets\\\/\",\"url\":\"https:\\\/\\\/toilettes-seches.i-cag.net\\\/en\\\/boutique\\\/compostable-bags-for-dry-toilets\\\/\",\"name\":\"Sacs compostables toilettes s\u00e8ches, en bio-mati\u00e8re.\",\"isPartOf\":{\"@id\":\"https:\\\/\\\/toilettes-seches.i-cag.net\\\/#website\"},\"primaryImageOfPage\":{\"@id\":\"https:\\\/\\\/toilettes-seches.i-cag.net\\\/en\\\/boutique\\\/compostable-bags-for-dry-toilets\\\/#primaryimage\"},\"image\":{\"@id\":\"https:\\\/\\\/toilettes-seches.i-cag.net\\\/en\\\/boutique\\\/compostable-bags-for-dry-toilets\\\/#primaryimage\"},\"thumbnailUrl\":\"https:\\\/\\\/toilettes-seches.i-cag.net\\\/wp-content\\\/uploads\\\/2017\\\/12\\\/Visuels-carre\u0301-ICAG-toilettes-se\u0300ches-6.jpg\",\"datePublished\":\"2025-11-22T10:17:31+00:00\",\"dateModified\":\"2026-05-07T20:16:13+00:00\",\"description\":\"Les sacs compostables toilettes s\u00e8ches que nous utilisons, sont fourni avec nos toilettes s\u00e8ches, pour facilit\u00e9 la vidange et le nettoyage de la liti\u00e8re.\",\"breadcrumb\":{\"@id\":\"https:\\\/\\\/toilettes-seches.i-cag.net\\\/en\\\/boutique\\\/compostable-bags-for-dry-toilets\\\/#breadcrumb\"},\"inLanguage\":\"en-US\",\"potentialAction\":[{\"@type\":\"ReadAction\",\"target\":[\"https:\\\/\\\/toilettes-seches.i-cag.net\\\/en\\\/boutique\\\/compostable-bags-for-dry-toilets\\\/\"]}]},{\"@type\":\"ImageObject\",\"inLanguage\":\"en-US\",\"@id\":\"https:\\\/\\\/toilettes-seches.i-cag.net\\\/en\\\/boutique\\\/compostable-bags-for-dry-toilets\\\/#primaryimage\",\"url\":\"https:\\\/\\\/toilettes-seches.i-cag.net\\\/wp-content\\\/uploads\\\/2017\\\/12\\\/Visuels-carre\u0301-ICAG-toilettes-se\u0300ches-6.jpg\",\"contentUrl\":\"https:\\\/\\\/toilettes-seches.i-cag.net\\\/wp-content\\\/uploads\\\/2017\\\/12\\\/Visuels-carre\u0301-ICAG-toilettes-se\u0300ches-6.jpg\",\"width\":650,\"height\":650,\"caption\":\"Rouleau de sacs compostables 50 litres verts pour toilette s\u00e8che\"},{\"@type\":\"BreadcrumbList\",\"@id\":\"https:\\\/\\\/toilettes-seches.i-cag.net\\\/en\\\/boutique\\\/compostable-bags-for-dry-toilets\\\/#breadcrumb\",\"itemListElement\":[{\"@type\":\"ListItem\",\"position\":1,\"name\":\"Accueil\",\"item\":\"https:\\\/\\\/toilettes-seches.i-cag.net\\\/\"},{\"@type\":\"ListItem\",\"position\":2,\"name\":\"Shop\",\"item\":\"https:\\\/\\\/toilettes-seches.i-cag.net\\\/boutique\\\/\"},{\"@type\":\"ListItem\",\"position\":3,\"name\":\"Compostable Bags for Dry Toilets\"}]},{\"@type\":\"WebSite\",\"@id\":\"https:\\\/\\\/toilettes-seches.i-cag.net\\\/#website\",\"url\":\"https:\\\/\\\/toilettes-seches.i-cag.net\\\/\",\"name\":\"iCAG Company Dry toilets\",\"description\":\"Exemplary quality indoor and outdoor wooden dry toilets\",\"potentialAction\":[{\"@type\":\"SearchAction\",\"target\":{\"@type\":\"EntryPoint\",\"urlTemplate\":\"https:\\\/\\\/toilettes-seches.i-cag.net\\\/?s={search_term_string}\"},\"query-input\":{\"@type\":\"PropertyValueSpecification\",\"valueRequired\":true,\"valueName\":\"search_term_string\"}}],\"inLanguage\":\"en-US\"}]}<\/script>\n<!-- \/ Yoast SEO plugin. -->","yoast_head_json":{"title":"Sacs compostables toilettes s\u00e8ches, en bio-mati\u00e8re.","description":"Les sacs compostables toilettes s\u00e8ches que nous utilisons, sont fourni avec nos toilettes s\u00e8ches, pour facilit\u00e9 la vidange et le nettoyage de la liti\u00e8re.","robots":{"index":"index","follow":"follow","max-snippet":"max-snippet:-1","max-image-preview":"max-image-preview:large","max-video-preview":"max-video-preview:-1"},"canonical":"https:\/\/toilettes-seches.i-cag.net\/en\/boutique\/compostable-bags-for-dry-toilets\/","og_locale":"en_US","og_type":"article","og_title":"Sacs compostables toilettes s\u00e8ches, en bio-mati\u00e8re.","og_description":"Les sacs compostables toilettes s\u00e8ches que nous utilisons, sont fourni avec nos toilettes s\u00e8ches, pour facilit\u00e9 la vidange et le nettoyage de la liti\u00e8re.","og_url":"https:\/\/toilettes-seches.i-cag.net\/en\/boutique\/compostable-bags-for-dry-toilets\/","og_site_name":"iCAG Company Dry toilets","article_modified_time":"2026-05-07T20:16:13+00:00","og_image":[{"width":650,"height":650,"url":"https:\/\/toilettes-seches.i-cag.net\/wp-content\/uploads\/2017\/12\/Visuels-carre\u0301-ICAG-toilettes-se\u0300ches-6.jpg","type":"image\/jpeg"}],"twitter_card":"summary_large_image","twitter_misc":{"Est. reading time":"2 minutes"},"schema":{"@context":"https:\/\/schema.org","@graph":[{"@type":"WebPage","@id":"https:\/\/toilettes-seches.i-cag.net\/en\/boutique\/compostable-bags-for-dry-toilets\/","url":"https:\/\/toilettes-seches.i-cag.net\/en\/boutique\/compostable-bags-for-dry-toilets\/","name":"Sacs compostables toilettes s\u00e8ches, en bio-mati\u00e8re.","isPartOf":{"@id":"https:\/\/toilettes-seches.i-cag.net\/#website"},"primaryImageOfPage":{"@id":"https:\/\/toilettes-seches.i-cag.net\/en\/boutique\/compostable-bags-for-dry-toilets\/#primaryimage"},"image":{"@id":"https:\/\/toilettes-seches.i-cag.net\/en\/boutique\/compostable-bags-for-dry-toilets\/#primaryimage"},"thumbnailUrl":"https:\/\/toilettes-seches.i-cag.net\/wp-content\/uploads\/2017\/12\/Visuels-carre\u0301-ICAG-toilettes-se\u0300ches-6.jpg","datePublished":"2025-11-22T10:17:31+00:00","dateModified":"2026-05-07T20:16:13+00:00","description":"Les sacs compostables toilettes s\u00e8ches que nous utilisons, sont fourni avec nos toilettes s\u00e8ches, pour facilit\u00e9 la vidange et le nettoyage de la liti\u00e8re.","breadcrumb":{"@id":"https:\/\/toilettes-seches.i-cag.net\/en\/boutique\/compostable-bags-for-dry-toilets\/#breadcrumb"},"inLanguage":"en-US","potentialAction":[{"@type":"ReadAction","target":["https:\/\/toilettes-seches.i-cag.net\/en\/boutique\/compostable-bags-for-dry-toilets\/"]}]},{"@type":"ImageObject","inLanguage":"en-US","@id":"https:\/\/toilettes-seches.i-cag.net\/en\/boutique\/compostable-bags-for-dry-toilets\/#primaryimage","url":"https:\/\/toilettes-seches.i-cag.net\/wp-content\/uploads\/2017\/12\/Visuels-carre\u0301-ICAG-toilettes-se\u0300ches-6.jpg","contentUrl":"https:\/\/toilettes-seches.i-cag.net\/wp-content\/uploads\/2017\/12\/Visuels-carre\u0301-ICAG-toilettes-se\u0300ches-6.jpg","width":650,"height":650,"caption":"Rouleau de sacs compostables 50 litres verts pour toilette s\u00e8che"},{"@type":"BreadcrumbList","@id":"https:\/\/toilettes-seches.i-cag.net\/en\/boutique\/compostable-bags-for-dry-toilets\/#breadcrumb","itemListElement":[{"@type":"ListItem","position":1,"name":"Accueil","item":"https:\/\/toilettes-seches.i-cag.net\/"},{"@type":"ListItem","position":2,"name":"Shop","item":"https:\/\/toilettes-seches.i-cag.net\/boutique\/"},{"@type":"ListItem","position":3,"name":"Compostable Bags for Dry Toilets"}]},{"@type":"WebSite","@id":"https:\/\/toilettes-seches.i-cag.net\/#website","url":"https:\/\/toilettes-seches.i-cag.net\/","name":"iCAG Company Dry toilets","description":"Exemplary quality indoor and outdoor wooden dry toilets","potentialAction":[{"@type":"SearchAction","target":{"@type":"EntryPoint","urlTemplate":"https:\/\/toilettes-seches.i-cag.net\/?s={search_term_string}"},"query-input":{"@type":"PropertyValueSpecification","valueRequired":true,"valueName":"search_term_string"}}],"inLanguage":"en-US"}]}},"_links":{"self":[{"href":"https:\/\/toilettes-seches.i-cag.net\/en\/wp-json\/wp\/v2\/product\/20788","targetHints":{"allow":["GET"]}}],"collection":[{"href":"https:\/\/toilettes-seches.i-cag.net\/en\/wp-json\/wp\/v2\/product"}],"about":[{"href":"https:\/\/toilettes-seches.i-cag.net\/en\/wp-json\/wp\/v2\/types\/product"}],"replies":[{"embeddable":true,"href":"https:\/\/toilettes-seches.i-cag.net\/en\/wp-json\/wp\/v2\/comments?post=20788"}],"wp:featuredmedia":[{"embeddable":true,"href":"https:\/\/toilettes-seches.i-cag.net\/en\/wp-json\/wp\/v2\/media\/20428"}],"wp:attachment":[{"href":"https:\/\/toilettes-seches.i-cag.net\/en\/wp-json\/wp\/v2\/media?parent=20788"}],"wp:term":[{"taxonomy":"product_brand","embeddable":true,"href":"https:\/\/toilettes-seches.i-cag.net\/en\/wp-json\/wp\/v2\/product_brand?post=20788"},{"taxonomy":"product_cat","embeddable":true,"href":"https:\/\/toilettes-seches.i-cag.net\/en\/wp-json\/wp\/v2\/product_cat?post=20788"},{"taxonomy":"product_tag","embeddable":true,"href":"https:\/\/toilettes-seches.i-cag.net\/en\/wp-json\/wp\/v2\/product_tag?post=20788"}],"curies":[{"name":"wp","href":"https:\/\/api.w.org\/{rel}","templated":true}]}}