{"id":20785,"date":"2025-11-22T16:46:37","date_gmt":"2025-11-22T16:46:37","guid":{"rendered":"https:\/\/toilettes-seches.i-cag.net\/boutique\/rampe-dacces-toilettes-seches-pour-personnes-handicapees\/"},"modified":"2025-12-02T23:55:48","modified_gmt":"2025-12-02T23:55:48","slug":"access-ramp-for-handicap-dry-toilets","status":"publish","type":"product","link":"https:\/\/toilettes-seches.i-cag.net\/en\/boutique\/access-ramp-for-handicap-dry-toilets\/","title":{"rendered":"Access Ramp for Handicap Dry Toilets"},"content":{"rendered":"<p><span style=\"vertical-align: inherit;\"><span style=\"vertical-align: inherit;\">We offer you an <strong>access ramp for handicap dry toilets<\/strong>.<\/span><\/span><\/p>\n<h2>Access ramp for our outdoor I CAG Royal handicap dry toilets:<\/h2>\n<p>This wooden ramp allows wheelchair users to overcome the slight elevation difference between the natural ground and the interior floor of <a href=\"https:\/\/toilettes-seches.i-cag.net\/vente-de-toilettes-seches-artisanale\/kit-toilettes-seches-handicap-i-cag-royal\/\">the handicap cabin<\/a>.<\/p>\n<p>We manufacture this ramp for dry toilets in our workshop. It consists of rough, non-planed planks to prevent slipping and provide traction. On the side, a small wooden thickness signals the end of the platform to wheelchair users; this is called a &#8220;wheel jump.&#8221;<\/p>\n<p>Typically made from chestnut wood, but sometimes from larch, these two types of wood have the same resistance to moisture.<\/p>\n<h2>Why isn&#8217;t this ramp included in the I CAG Royal Handicap dry toilet kit?<\/h2>\n<p>Some customers, in the case of fixed use of accessible dry toilets, prefer to level the height difference with a layer of crushed materials, which they place in front of the cabin themselves.<\/p>\n<p>In any case, to comply with accessibility regulations, one of these solutions is essential.<\/p>\n<p>For this reason, the ramp is not included in the kit, giving you the choice of which solution to use.<\/p>\n","protected":false},"excerpt":{"rendered":"<p>Made from chestnut wood, but sometimes from larch. It will allow you to make the I CAG ROYAL dry toilet kit compliant for accessibility to people with reduced mobility.<\/p>\n","protected":false},"featured_media":20320,"comment_status":"open","ping_status":"closed","template":"","meta":{"_et_pb_use_builder":"on","_et_pb_old_content":"","_et_gb_content_width":""},"product_brand":[],"product_cat":[56],"product_tag":[],"class_list":{"0":"post-20785","1":"product","2":"type-product","3":"status-publish","4":"has-post-thumbnail","6":"product_cat-accessories-for-dry-toilets","7":"product_shipping_class-whole-toilet","9":"first","10":"instock","11":"taxable","12":"shipping-taxable","13":"purchasable","14":"product-type-simple"},"yoast_head":"<!-- This site is optimized with the Yoast SEO plugin v27.4 - https:\/\/yoast.com\/product\/yoast-seo-wordpress\/ -->\n<title>Rampe d&#039;acc\u00e8s toilettes s\u00e8ches pour personnes handicap\u00e9es<\/title>\n<meta name=\"description\" content=\"Rampe d&#039;acc\u00e8s toilettes s\u00e8ches pour personnes handicap\u00e9es en bois, vous aide \u00e0 franchir le l\u00e9ger d\u00e9nivel\u00e9 qui existe entre le sol et les toilettes s\u00e8ches.\" \/>\n<meta name=\"robots\" content=\"index, follow, max-snippet:-1, max-image-preview:large, max-video-preview:-1\" \/>\n<link rel=\"canonical\" href=\"https:\/\/toilettes-seches.i-cag.net\/en\/boutique\/access-ramp-for-handicap-dry-toilets\/\" \/>\n<meta property=\"og:locale\" content=\"en_US\" \/>\n<meta property=\"og:type\" content=\"article\" \/>\n<meta property=\"og:title\" content=\"Rampe d&#039;acc\u00e8s toilettes s\u00e8ches pour personnes handicap\u00e9es\" \/>\n<meta property=\"og:description\" content=\"Rampe d&#039;acc\u00e8s toilettes s\u00e8ches pour personnes handicap\u00e9es en bois, vous aide \u00e0 franchir le l\u00e9ger d\u00e9nivel\u00e9 qui existe entre le sol et les toilettes s\u00e8ches.\" \/>\n<meta property=\"og:url\" content=\"https:\/\/toilettes-seches.i-cag.net\/en\/boutique\/access-ramp-for-handicap-dry-toilets\/\" \/>\n<meta property=\"og:site_name\" content=\"iCAG Company Dry toilets\" \/>\n<meta property=\"article:modified_time\" content=\"2025-12-02T23:55:48+00:00\" \/>\n<meta property=\"og:image\" content=\"https:\/\/toilettes-seches.i-cag.net\/wp-content\/uploads\/2023\/02\/ICAG-toilettes-se\u0300ches-1.jpg\" \/>\n\t<meta property=\"og:image:width\" content=\"650\" \/>\n\t<meta property=\"og:image:height\" content=\"650\" \/>\n\t<meta property=\"og:image:type\" content=\"image\/jpeg\" \/>\n<meta name=\"twitter:card\" content=\"summary_large_image\" \/>\n<meta name=\"twitter:label1\" content=\"Est. reading time\" \/>\n\t<meta name=\"twitter:data1\" content=\"2 minutes\" \/>\n<script type=\"application\/ld+json\" class=\"yoast-schema-graph\">{\"@context\":\"https:\\\/\\\/schema.org\",\"@graph\":[{\"@type\":\"WebPage\",\"@id\":\"https:\\\/\\\/toilettes-seches.i-cag.net\\\/en\\\/boutique\\\/access-ramp-for-handicap-dry-toilets\\\/\",\"url\":\"https:\\\/\\\/toilettes-seches.i-cag.net\\\/en\\\/boutique\\\/access-ramp-for-handicap-dry-toilets\\\/\",\"name\":\"Rampe d'acc\u00e8s toilettes s\u00e8ches pour personnes handicap\u00e9es\",\"isPartOf\":{\"@id\":\"https:\\\/\\\/toilettes-seches.i-cag.net\\\/#website\"},\"primaryImageOfPage\":{\"@id\":\"https:\\\/\\\/toilettes-seches.i-cag.net\\\/en\\\/boutique\\\/access-ramp-for-handicap-dry-toilets\\\/#primaryimage\"},\"image\":{\"@id\":\"https:\\\/\\\/toilettes-seches.i-cag.net\\\/en\\\/boutique\\\/access-ramp-for-handicap-dry-toilets\\\/#primaryimage\"},\"thumbnailUrl\":\"https:\\\/\\\/toilettes-seches.i-cag.net\\\/wp-content\\\/uploads\\\/2017\\\/12\\\/Rampe-dacces-toilettes-seches-PMR-2-1024.jpg\",\"datePublished\":\"2025-11-22T16:46:37+00:00\",\"dateModified\":\"2025-12-02T23:55:48+00:00\",\"description\":\"Rampe d'acc\u00e8s toilettes s\u00e8ches pour personnes handicap\u00e9es en bois, vous aide \u00e0 franchir le l\u00e9ger d\u00e9nivel\u00e9 qui existe entre le sol et les toilettes s\u00e8ches.\",\"breadcrumb\":{\"@id\":\"https:\\\/\\\/toilettes-seches.i-cag.net\\\/en\\\/boutique\\\/access-ramp-for-handicap-dry-toilets\\\/#breadcrumb\"},\"inLanguage\":\"en-US\",\"potentialAction\":[{\"@type\":\"ReadAction\",\"target\":[\"https:\\\/\\\/toilettes-seches.i-cag.net\\\/en\\\/boutique\\\/access-ramp-for-handicap-dry-toilets\\\/\"]}]},{\"@type\":\"ImageObject\",\"inLanguage\":\"en-US\",\"@id\":\"https:\\\/\\\/toilettes-seches.i-cag.net\\\/en\\\/boutique\\\/access-ramp-for-handicap-dry-toilets\\\/#primaryimage\",\"url\":\"https:\\\/\\\/toilettes-seches.i-cag.net\\\/wp-content\\\/uploads\\\/2017\\\/12\\\/Rampe-dacces-toilettes-seches-PMR-2-1024.jpg\",\"contentUrl\":\"https:\\\/\\\/toilettes-seches.i-cag.net\\\/wp-content\\\/uploads\\\/2017\\\/12\\\/Rampe-dacces-toilettes-seches-PMR-2-1024.jpg\",\"width\":1024,\"height\":768,\"caption\":\"Rampe d'acc\u00e8s toilettes s\u00e8ches PMR\"},{\"@type\":\"BreadcrumbList\",\"@id\":\"https:\\\/\\\/toilettes-seches.i-cag.net\\\/en\\\/boutique\\\/access-ramp-for-handicap-dry-toilets\\\/#breadcrumb\",\"itemListElement\":[{\"@type\":\"ListItem\",\"position\":1,\"name\":\"Accueil\",\"item\":\"https:\\\/\\\/toilettes-seches.i-cag.net\\\/\"},{\"@type\":\"ListItem\",\"position\":2,\"name\":\"Shop\",\"item\":\"https:\\\/\\\/toilettes-seches.i-cag.net\\\/boutique\\\/\"},{\"@type\":\"ListItem\",\"position\":3,\"name\":\"Access Ramp for Handicap Dry Toilets\"}]},{\"@type\":\"WebSite\",\"@id\":\"https:\\\/\\\/toilettes-seches.i-cag.net\\\/#website\",\"url\":\"https:\\\/\\\/toilettes-seches.i-cag.net\\\/\",\"name\":\"iCAG Company Dry toilets\",\"description\":\"Exemplary quality indoor and outdoor wooden dry toilets\",\"potentialAction\":[{\"@type\":\"SearchAction\",\"target\":{\"@type\":\"EntryPoint\",\"urlTemplate\":\"https:\\\/\\\/toilettes-seches.i-cag.net\\\/?s={search_term_string}\"},\"query-input\":{\"@type\":\"PropertyValueSpecification\",\"valueRequired\":true,\"valueName\":\"search_term_string\"}}],\"inLanguage\":\"en-US\"}]}<\/script>\n<!-- \/ Yoast SEO plugin. -->","yoast_head_json":{"title":"Rampe d'acc\u00e8s toilettes s\u00e8ches pour personnes handicap\u00e9es","description":"Rampe d'acc\u00e8s toilettes s\u00e8ches pour personnes handicap\u00e9es en bois, vous aide \u00e0 franchir le l\u00e9ger d\u00e9nivel\u00e9 qui existe entre le sol et les toilettes s\u00e8ches.","robots":{"index":"index","follow":"follow","max-snippet":"max-snippet:-1","max-image-preview":"max-image-preview:large","max-video-preview":"max-video-preview:-1"},"canonical":"https:\/\/toilettes-seches.i-cag.net\/en\/boutique\/access-ramp-for-handicap-dry-toilets\/","og_locale":"en_US","og_type":"article","og_title":"Rampe d'acc\u00e8s toilettes s\u00e8ches pour personnes handicap\u00e9es","og_description":"Rampe d'acc\u00e8s toilettes s\u00e8ches pour personnes handicap\u00e9es en bois, vous aide \u00e0 franchir le l\u00e9ger d\u00e9nivel\u00e9 qui existe entre le sol et les toilettes s\u00e8ches.","og_url":"https:\/\/toilettes-seches.i-cag.net\/en\/boutique\/access-ramp-for-handicap-dry-toilets\/","og_site_name":"iCAG Company Dry toilets","article_modified_time":"2025-12-02T23:55:48+00:00","og_image":[{"width":650,"height":650,"url":"https:\/\/toilettes-seches.i-cag.net\/wp-content\/uploads\/2023\/02\/ICAG-toilettes-se\u0300ches-1.jpg","type":"image\/jpeg"}],"twitter_card":"summary_large_image","twitter_misc":{"Est. reading time":"2 minutes"},"schema":{"@context":"https:\/\/schema.org","@graph":[{"@type":"WebPage","@id":"https:\/\/toilettes-seches.i-cag.net\/en\/boutique\/access-ramp-for-handicap-dry-toilets\/","url":"https:\/\/toilettes-seches.i-cag.net\/en\/boutique\/access-ramp-for-handicap-dry-toilets\/","name":"Rampe d'acc\u00e8s toilettes s\u00e8ches pour personnes handicap\u00e9es","isPartOf":{"@id":"https:\/\/toilettes-seches.i-cag.net\/#website"},"primaryImageOfPage":{"@id":"https:\/\/toilettes-seches.i-cag.net\/en\/boutique\/access-ramp-for-handicap-dry-toilets\/#primaryimage"},"image":{"@id":"https:\/\/toilettes-seches.i-cag.net\/en\/boutique\/access-ramp-for-handicap-dry-toilets\/#primaryimage"},"thumbnailUrl":"https:\/\/toilettes-seches.i-cag.net\/wp-content\/uploads\/2017\/12\/Rampe-dacces-toilettes-seches-PMR-2-1024.jpg","datePublished":"2025-11-22T16:46:37+00:00","dateModified":"2025-12-02T23:55:48+00:00","description":"Rampe d'acc\u00e8s toilettes s\u00e8ches pour personnes handicap\u00e9es en bois, vous aide \u00e0 franchir le l\u00e9ger d\u00e9nivel\u00e9 qui existe entre le sol et les toilettes s\u00e8ches.","breadcrumb":{"@id":"https:\/\/toilettes-seches.i-cag.net\/en\/boutique\/access-ramp-for-handicap-dry-toilets\/#breadcrumb"},"inLanguage":"en-US","potentialAction":[{"@type":"ReadAction","target":["https:\/\/toilettes-seches.i-cag.net\/en\/boutique\/access-ramp-for-handicap-dry-toilets\/"]}]},{"@type":"ImageObject","inLanguage":"en-US","@id":"https:\/\/toilettes-seches.i-cag.net\/en\/boutique\/access-ramp-for-handicap-dry-toilets\/#primaryimage","url":"https:\/\/toilettes-seches.i-cag.net\/wp-content\/uploads\/2017\/12\/Rampe-dacces-toilettes-seches-PMR-2-1024.jpg","contentUrl":"https:\/\/toilettes-seches.i-cag.net\/wp-content\/uploads\/2017\/12\/Rampe-dacces-toilettes-seches-PMR-2-1024.jpg","width":1024,"height":768,"caption":"Rampe d'acc\u00e8s toilettes s\u00e8ches PMR"},{"@type":"BreadcrumbList","@id":"https:\/\/toilettes-seches.i-cag.net\/en\/boutique\/access-ramp-for-handicap-dry-toilets\/#breadcrumb","itemListElement":[{"@type":"ListItem","position":1,"name":"Accueil","item":"https:\/\/toilettes-seches.i-cag.net\/"},{"@type":"ListItem","position":2,"name":"Shop","item":"https:\/\/toilettes-seches.i-cag.net\/boutique\/"},{"@type":"ListItem","position":3,"name":"Access Ramp for Handicap Dry Toilets"}]},{"@type":"WebSite","@id":"https:\/\/toilettes-seches.i-cag.net\/#website","url":"https:\/\/toilettes-seches.i-cag.net\/","name":"iCAG Company Dry toilets","description":"Exemplary quality indoor and outdoor wooden dry toilets","potentialAction":[{"@type":"SearchAction","target":{"@type":"EntryPoint","urlTemplate":"https:\/\/toilettes-seches.i-cag.net\/?s={search_term_string}"},"query-input":{"@type":"PropertyValueSpecification","valueRequired":true,"valueName":"search_term_string"}}],"inLanguage":"en-US"}]}},"_links":{"self":[{"href":"https:\/\/toilettes-seches.i-cag.net\/en\/wp-json\/wp\/v2\/product\/20785","targetHints":{"allow":["GET"]}}],"collection":[{"href":"https:\/\/toilettes-seches.i-cag.net\/en\/wp-json\/wp\/v2\/product"}],"about":[{"href":"https:\/\/toilettes-seches.i-cag.net\/en\/wp-json\/wp\/v2\/types\/product"}],"replies":[{"embeddable":true,"href":"https:\/\/toilettes-seches.i-cag.net\/en\/wp-json\/wp\/v2\/comments?post=20785"}],"wp:featuredmedia":[{"embeddable":true,"href":"https:\/\/toilettes-seches.i-cag.net\/en\/wp-json\/wp\/v2\/media\/20320"}],"wp:attachment":[{"href":"https:\/\/toilettes-seches.i-cag.net\/en\/wp-json\/wp\/v2\/media?parent=20785"}],"wp:term":[{"taxonomy":"product_brand","embeddable":true,"href":"https:\/\/toilettes-seches.i-cag.net\/en\/wp-json\/wp\/v2\/product_brand?post=20785"},{"taxonomy":"product_cat","embeddable":true,"href":"https:\/\/toilettes-seches.i-cag.net\/en\/wp-json\/wp\/v2\/product_cat?post=20785"},{"taxonomy":"product_tag","embeddable":true,"href":"https:\/\/toilettes-seches.i-cag.net\/en\/wp-json\/wp\/v2\/product_tag?post=20785"}],"curies":[{"name":"wp","href":"https:\/\/api.w.org\/{rel}","templated":true}]}}